{"id":275,"date":"2023-06-15T15:51:14","date_gmt":"2023-06-15T13:51:14","guid":{"rendered":"https:\/\/phamweddings.com\/?page_id=275"},"modified":"2023-06-16T21:23:01","modified_gmt":"2023-06-16T19:23:01","slug":"kontakt","status":"publish","type":"page","link":"https:\/\/phamweddings.com\/hochzeitsfotograf-hamburg\/kontakt\/","title":{"rendered":"Kontakt"},"content":{"rendered":"\t\t<div data-elementor-type=\"wp-page\" data-elementor-id=\"275\" class=\"elementor elementor-275\">\n\t\t\t\t<div class=\"elementor-element elementor-element-f131ea2 e-flex e-con-boxed e-con e-parent\" data-id=\"f131ea2\" data-element_type=\"container\" data-e-type=\"container\">\n\t\t\t\t\t<div class=\"e-con-inner\">\n\t\t\t\t<div class=\"elementor-element elementor-element-66b16bd elementor-widget__width-initial elementor-widget-mobile__width-initial elementor-widget elementor-widget-image\" data-id=\"66b16bd\" data-element_type=\"widget\" data-e-type=\"widget\" data-widget_type=\"image.default\">\n\t\t\t\t<div class=\"elementor-widget-container\">\n\t\t\t\t\t\t\t\t\t\t\t\t\t\t\t<img fetchpriority=\"high\" decoding=\"async\" width=\"800\" height=\"366\" src=\"https:\/\/phamweddings.com\/wp-content\/uploads\/2023\/06\/hochzeitsfotograf-hamburg-phamweddings-logo.webp\" class=\"attachment-large size-large wp-image-25\" alt=\"\" srcset=\"https:\/\/phamweddings.com\/wp-content\/uploads\/2023\/06\/hochzeitsfotograf-hamburg-phamweddings-logo.webp 951w, https:\/\/phamweddings.com\/wp-content\/uploads\/2023\/06\/hochzeitsfotograf-hamburg-phamweddings-logo-300x137.webp 300w, https:\/\/phamweddings.com\/wp-content\/uploads\/2023\/06\/hochzeitsfotograf-hamburg-phamweddings-logo-768x351.webp 768w\" sizes=\"(max-width: 800px) 100vw, 800px\" \/>\t\t\t\t\t\t\t\t\t\t\t\t\t\t\t<\/div>\n\t\t\t\t<\/div>\n\t\t\t\t<div class=\"elementor-element elementor-element-74c874d elementor-widget elementor-widget-text-editor\" data-id=\"74c874d\" data-element_type=\"widget\" data-e-type=\"widget\" data-widget_type=\"text-editor.default\">\n\t\t\t\t<div class=\"elementor-widget-container\">\n\t\t\t\t\t\t\t\t\t<h3>Cool, dass ihr mich kontaktieren m\u00f6chtet!<\/h3><p>\u00dcber das untenstehende Kontaktformular k\u00f6nnt ihr mich erreichen.<br \/>Ich antworte euch innerhalb von <strong>48h<\/strong>.<\/p><p>Falls ihr keine Antwort von mir findet, <span style=\"text-decoration: underline;\">\u00fcberpr\u00fcft bitte auch den Spamordner<\/span>.<\/p><p>Ich bin gespannt von euch und euren Pl\u00e4nen zu h\u00f6ren.<\/p>\t\t\t\t\t\t\t\t<\/div>\n\t\t\t\t<\/div>\n\t\t\t\t<div class=\"elementor-element elementor-element-77c9f4f elementor-widget elementor-widget-heading\" data-id=\"77c9f4f\" data-element_type=\"widget\" data-e-type=\"widget\" data-widget_type=\"heading.default\">\n\t\t\t\t<div class=\"elementor-widget-container\">\n\t\t\t\t\t<h2 class=\"elementor-heading-title elementor-size-default\">Kontaktformular<\/h2>\t\t\t\t<\/div>\n\t\t\t\t<\/div>\n\t\t\t\t<div class=\"elementor-element elementor-element-83dce49 elementor-widget__width-initial elementor-widget-tablet__width-initial elementor-widget-mobile__width-initial elementor-widget elementor-widget-shortcode\" data-id=\"83dce49\" data-element_type=\"widget\" data-e-type=\"widget\" data-widget_type=\"shortcode.default\">\n\t\t\t\t<div class=\"elementor-widget-container\">\n\t\t\t\t\t\t\t<div class=\"elementor-shortcode\">\n<div class=\"wpcf7 no-js\" id=\"wpcf7-f281-o1\" lang=\"de-DE\" dir=\"ltr\" data-wpcf7-id=\"281\">\n<div class=\"screen-reader-response\"><p role=\"status\" aria-live=\"polite\" aria-atomic=\"true\"><\/p> <ul><\/ul><\/div>\n<form action=\"\/hochzeitsfotograf-hamburg\/wp-json\/wp\/v2\/pages\/275#wpcf7-f281-o1\" method=\"post\" class=\"wpcf7-form init\" aria-label=\"Kontaktformular\" novalidate=\"novalidate\" data-status=\"init\">\n<fieldset class=\"hidden-fields-container\"><input type=\"hidden\" name=\"_wpcf7\" value=\"281\" \/><input type=\"hidden\" name=\"_wpcf7_version\" value=\"6.1.5\" \/><input type=\"hidden\" name=\"_wpcf7_locale\" value=\"de_DE\" \/><input type=\"hidden\" name=\"_wpcf7_unit_tag\" value=\"wpcf7-f281-o1\" \/><input type=\"hidden\" name=\"_wpcf7_container_post\" value=\"0\" \/><input type=\"hidden\" name=\"_wpcf7_posted_data_hash\" value=\"\" \/>\n<\/fieldset>\n<p><span class=\"wpcf7-form-control-wrap\" data-name=\"your-name\"><input size=\"40\" maxlength=\"400\" class=\"wpcf7-form-control wpcf7-text wpcf7-validates-as-required\" autocomplete=\"name\" aria-required=\"true\" aria-invalid=\"false\" placeholder=\"Name *\" value=\"\" type=\"text\" name=\"your-name\" \/><\/span>\n<\/p>\n<p><span class=\"wpcf7-form-control-wrap\" data-name=\"your-email\"><input size=\"40\" maxlength=\"400\" class=\"wpcf7-form-control wpcf7-email wpcf7-validates-as-required wpcf7-text wpcf7-validates-as-email\" autocomplete=\"email\" aria-required=\"true\" aria-invalid=\"false\" placeholder=\"Email *\" value=\"\" type=\"email\" name=\"your-email\" \/><\/span>\n<\/p>\n<p><span class=\"wpcf7-form-control-wrap\" data-name=\"your-number\"><input size=\"40\" maxlength=\"400\" class=\"wpcf7-form-control wpcf7-text\" autocomplete=\"mobilenumber\" aria-invalid=\"false\" placeholder=\"Mobilnummer\" value=\"\" type=\"text\" name=\"your-number\" \/><\/span>\n<\/p>\n<p><span class=\"wpcf7-form-control-wrap\" data-name=\"your-date\"><input size=\"40\" maxlength=\"400\" class=\"wpcf7-form-control wpcf7-text wpcf7-validates-as-required\" autocomplete=\"date\" aria-required=\"true\" aria-invalid=\"false\" placeholder=\"Euer Hochzeitsdatum *\" value=\"\" type=\"text\" name=\"your-date\" \/><\/span>\n<\/p>\n<p><span class=\"wpcf7-form-control-wrap\" data-name=\"your-budget\"><input size=\"40\" maxlength=\"400\" class=\"wpcf7-form-control wpcf7-text wpcf7-validates-as-required\" autocomplete=\"budget\" aria-required=\"true\" aria-invalid=\"false\" placeholder=\"Gesch\u00e4tzes Budget *\" value=\"\" type=\"text\" name=\"your-budget\" \/><\/span>\n<\/p>\n<p><span class=\"wpcf7-form-control-wrap\" data-name=\"your-location\"><input size=\"40\" maxlength=\"400\" class=\"wpcf7-form-control wpcf7-text wpcf7-validates-as-required\" autocomplete=\"location\" aria-required=\"true\" aria-invalid=\"false\" placeholder=\"Ort der Hochzeit *\" value=\"\" type=\"text\" name=\"your-location\" \/><\/span>\n<\/p>\n<p><span class=\"wpcf7-form-control-wrap\" data-name=\"your-howfoundout\"><input size=\"40\" maxlength=\"400\" class=\"wpcf7-form-control wpcf7-text\" autocomplete=\"howfoundout\" aria-invalid=\"false\" placeholder=\"Wie bist du zu mir gekommen?\" value=\"\" type=\"text\" name=\"your-howfoundout\" \/><\/span>\n<\/p>\n<p><span class=\"wpcf7-form-control-wrap\" data-name=\"your-message\"><textarea cols=\"40\" rows=\"10\" maxlength=\"2000\" class=\"wpcf7-form-control wpcf7-textarea\" aria-invalid=\"false\" placeholder=\"Erz\u00e4hle mir etwas \u00fcber deinen gro\u00dfen Tag! *\" name=\"your-message\"><\/textarea><\/span>\n<\/p>\n<p><span class=\"wpcf7-form-control-wrap\" data-name=\"acceptance-545\"><span class=\"wpcf7-form-control wpcf7-acceptance\"><span class=\"wpcf7-list-item\"><label><input type=\"checkbox\" name=\"acceptance-545\" value=\"1\" aria-invalid=\"false\" \/><span class=\"wpcf7-list-item-label\">Ich bin damit einverstanden, dass die in diesem Kontaktforlmular erfassten Daten zu den in der <a class=\"ds-link\" href=\"\/datenschutz\">Datenschutzerkl\u00e4rung<\/a> genannten Zwecken erhoben, verarbeitet und genutzt werden.<\/span><\/label><\/span><\/span><\/span>\n<\/p>\n<div class=\"submit-button\">\n\t<p><input class=\"wpcf7-form-control wpcf7-submit has-spinner\" type=\"submit\" value=\"Senden\" \/>\n\t<\/p>\n<\/div><div class=\"wpcf7-response-output\" aria-hidden=\"true\"><\/div>\n<\/form>\n<\/div>\n<\/div>\n\t\t\t\t\t\t<\/div>\n\t\t\t\t<\/div>\n\t\t\t\t\t<\/div>\n\t\t\t\t<\/div>\n\t\t\t\t<\/div>\n\t\t","protected":false},"excerpt":{"rendered":"<p>Cool, dass ihr mich kontaktieren m\u00f6chtet! \u00dcber das untenstehende Kontaktformular k\u00f6nnt ihr mich erreichen.Ich antworte euch innerhalb von 48h. Falls ihr keine Antwort von mir findet, \u00fcberpr\u00fcft bitte auch den Spamordner. Ich bin gespannt von euch und euren Pl\u00e4nen zu h\u00f6ren. Kontaktformular<\/p>\n","protected":false},"author":1,"featured_media":0,"parent":0,"menu_order":0,"comment_status":"closed","ping_status":"closed","template":"elementor_header_footer","meta":{"footnotes":""},"class_list":["post-275","page","type-page","status-publish","hentry"],"_links":{"self":[{"href":"https:\/\/phamweddings.com\/hochzeitsfotograf-hamburg\/wp-json\/wp\/v2\/pages\/275","targetHints":{"allow":["GET"]}}],"collection":[{"href":"https:\/\/phamweddings.com\/hochzeitsfotograf-hamburg\/wp-json\/wp\/v2\/pages"}],"about":[{"href":"https:\/\/phamweddings.com\/hochzeitsfotograf-hamburg\/wp-json\/wp\/v2\/types\/page"}],"author":[{"embeddable":true,"href":"https:\/\/phamweddings.com\/hochzeitsfotograf-hamburg\/wp-json\/wp\/v2\/users\/1"}],"replies":[{"embeddable":true,"href":"https:\/\/phamweddings.com\/hochzeitsfotograf-hamburg\/wp-json\/wp\/v2\/comments?post=275"}],"version-history":[{"count":10,"href":"https:\/\/phamweddings.com\/hochzeitsfotograf-hamburg\/wp-json\/wp\/v2\/pages\/275\/revisions"}],"predecessor-version":[{"id":544,"href":"https:\/\/phamweddings.com\/hochzeitsfotograf-hamburg\/wp-json\/wp\/v2\/pages\/275\/revisions\/544"}],"wp:attachment":[{"href":"https:\/\/phamweddings.com\/hochzeitsfotograf-hamburg\/wp-json\/wp\/v2\/media?parent=275"}],"curies":[{"name":"wp","href":"https:\/\/api.w.org\/{rel}","templated":true}]}}